{"id":26,"date":"2016-10-02T09:36:27","date_gmt":"2016-10-02T09:36:27","guid":{"rendered":"http:\/\/antequeraformacion.es\/fp\/?page_id=26"},"modified":"2022-01-26T09:52:35","modified_gmt":"2022-01-26T09:52:35","slug":"actividades-de-gestion-administrativa","status":"publish","type":"page","link":"https:\/\/antequeraformacion.es\/fp\/actividades-de-gestion-administrativa\/","title":{"rendered":"Actividades de Gesti\u00f3n Administrativa (ADGD0308) Titulaci\u00f3n Oficial"},"content":{"rendered":" <p> <img loading=\"lazy\" class=\"size-medium wp-image-19 alignleft\" src=\"https:\/\/antequeraformacion.es\/fp\/wp-content\/uploads\/2016\/10\/ADM-300x231.png\" alt=\"adm\" width=\"300\" height=\"231\" srcset=\"https:\/\/antequeraformacion.es\/fp\/wp-content\/uploads\/2016\/10\/ADM-300x231.png 300w, https:\/\/antequeraformacion.es\/fp\/wp-content\/uploads\/2016\/10\/ADM.png 768w\" sizes=\"(max-width: 300px) 100vw, 300px\" \/> <\/p> \n<h2><strong>GESTI\u00d3N ADMINISTRATIVA: UN EMPLEO CON FUTURO.<\/strong><\/h2>\n <p> Con un planteamiento pr\u00e1ctico, temarios CONSTANTEMENTE ACTUALIZADOS, la EXPERIENCIA DE DOCENTES \u00a0especialistas acreditados diplomados y licenciados en las materias objeto de estudio y, muy especialmente y lo que es m\u00e1s importante, con una orientaci\u00f3n directa a la <em>EMPLEO<strong>, <\/strong><\/em>\u00a0el enfoque de ANTEQUERA FORMACI\u00d3N va encaminado directamente a la formaci\u00f3n del alumnado en los aspectos clave a los que el ALUMNO\/A se tendr\u00e1 que enfrentar en su actividad laboral dentro del \u00e1mbito empresarial. <\/p> \n <p> <strong>\u00bfQU\u00c9 SE APRENDE?<\/strong> <\/p> \n<ul>\n<li>Tramitar documentos o comunicaciones internas o externas en los circuitos de informaci\u00f3n de la empresa.<\/li>\n<\/ul>\n<ul>\n<li>Elaborar documentos y comunicaciones a partir de \u00f3rdenes recibidas o informaci\u00f3n obtenida.<\/li>\n<\/ul>\n<ul>\n<li>Clasificar, registrar y archivar comunicaciones y documentos seg\u00fan las t\u00e9cnicas apropiadas y los par\u00e1metros establecidos en la empresa.<\/li>\n<\/ul>\n<ul>\n<li>Registrar contablemente la documentaci\u00f3n soporte correspondiente a la operativa de la empresa en condiciones de seguridad y calidad.<\/li>\n<\/ul>\n<ul>\n<li>Realizar gestiones administrativas de tesorer\u00eda, siguiendo las normas y protocolos establecidos por la gerencia con el fin de mantener la liquidez de la organizaci\u00f3n.<\/li>\n<\/ul>\n<ul>\n<li>Efectuar las gestiones administrativas de las \u00e1reas de selecci\u00f3n y formaci\u00f3n de los recursos humanos de la empresa, ajust\u00e1ndose a la normativa vigente y a la pol\u00edtica empresarial, bajo la supervisi\u00f3n del responsable superior del departamento.<\/li>\n<\/ul>\n<ul>\n<li>Prestar apoyo administrativo en el \u00e1rea de gesti\u00f3n laboral de la empresa ajust\u00e1ndose a la normativa vigente y bajo la supervisi\u00f3n del responsable superior del departamento.<\/li>\n<\/ul>\n<ul>\n<li>Realizar las gestiones administrativas de la actividad comercial registrando la documentaci\u00f3n soporte correspondiente a determinadas obligaciones fiscales.<\/li>\n<\/ul>\n<ul>\n<li>Desempe\u00f1ar las actividades de atenci\u00f3n al cliente\/usuario en el \u00e1mbito administrativo y comercial asegurando los niveles de calidad establecidos y relacionados con la imagen de la empresa \/instituci\u00f3n.<\/li>\n<\/ul>\n <p> <strong>OBJETIVO DEL CERTIFICADO DE PROFESIONALIDAD:<\/strong> <\/p> \n<div>Realizar las operaciones de la gesti\u00f3n administrativa de la compraventa de productos y servicios, tesorer\u00eda y personal, as\u00ed como la introducci\u00f3n de registros contables predefinidos, previa obtenci\u00f3n y procesamiento y archivo de la informaci\u00f3n y documentaci\u00f3n necesaria mediante los soportes convencionales o inform\u00e1ticos adecuados, siguiendo instrucciones definidas, en condiciones de seguridad, respecto a la normativa vigente y atendiendo a criterios de calidad definidos en la organizaci\u00f3n.<\/div>\n<div>Se trata de<strong> Curso Privado<\/strong> con <strong><a href=\"https:\/\/antequeraformacion.es\/fp\/sample-page\/\">Titulaci\u00f3n Oficial<\/a>.<\/strong><\/div>\n<div><\/div>\n<div><strong>DURACI\u00d3N:<\/strong><\/div>\n<div>\n<div data-canvas-width=\"49.71679999999999\">El curso tendr\u00e1 una <strong>duraci\u00f3n<\/strong> de <strong>820 horas<\/strong>.<\/div>\n<div data-canvas-width=\"49.71679999999999\"><\/div>\n<div data-canvas-width=\"49.71679999999999\"><strong>FECHA DE COMIENZO:<\/strong><\/div>\n<div data-canvas-width=\"49.71679999999999\">Comenzamos por el m\u00f3dulo de Ofim\u00e1tica. Fecha de comienzo 28\/03\/2022 (5 horas diarias en horario de ma\u00f1ana)<\/div>\n<div data-canvas-width=\"49.71679999999999\"><\/div>\n<div data-canvas-width=\"49.71679999999999\"><strong>TITULACI\u00d3N:<\/strong><\/div>\n<div data-canvas-width=\"49.71679999999999\">A la finalizaci\u00f3n de Cada M\u00f3dulo el Alumno Recibe la Titulaci\u00f3n Oficial de la Junta de Andaluc\u00eda.<\/div>\n<\/div>\n<div data-canvas-width=\"49.71679999999999\"><\/div>\n<div data-canvas-width=\"49.71679999999999\"><strong>MODALIDAD:<\/strong><\/div>\n<div>\n<div><strong>Presencial<\/strong>.<\/div>\n<div><\/div>\n<div><\/div>\n<\/div>\n<div><strong>PRECIO:<\/strong><\/div>\n<div>Precio total del Curso: 2124 \u20ac. (opciones de financiaci\u00f3n)<\/div>\n<div><\/div>\n<div><\/div>\n<div><strong>FORMA DE PAGO: <\/strong><\/div>\n<div><strong>MATR\u00cdCULA<\/strong>: 324 \u20ac<\/div>\n<div>mensualidad: 156,00 \u20ac (financiables) 12 meses.<\/div>\n<div><\/div>\n<div><\/div>\n<div><\/div>\n<div><strong>PERFIL DE LOS PARTICIPANTES:<\/strong><\/div>\n<div>\n<div data-canvas-width=\"94.15279999999997\">Este Certificado es de <strong>Nivel 2<\/strong>. Para poder realizarlo debe cumplir alguno de los siguientes requisitos:<\/div>\n<ul>\n<li>T\u00edtulo Graduado en Educaci\u00f3n Secundaria<\/li>\n<li>Estar en posesi\u00f3n de un certificado de profesionalidad del mismo nivel de m\u00f3dulo y\/o del certificado de profesionalidad al que se desea acceder.<\/li>\n<li>Estar en posesi\u00f3n de un certificado de profesionalidad del nivel 1 de la misma familia y \u00e1rea profesional para el nivel 2.<\/li>\n<li>Cumplir el requisito acad\u00e9mico de acceso a los ciclos formativos de grado medio para el nivel 2, o bien haber superado las correspondientes pruebas de acceso reguladas por las administraciones educativas.<\/li>\n<li>Tener superada la prueba de acceso a la universidad para mayores de 25 a\u00f1os y\/o de 45 a\u00f1os.<\/li>\n<li>Tener los conocimientos formativos o profesionales suficientes que permitan cursar con aprovechamiento la formaci\u00f3n.<\/li>\n<li>Todas las personas que no tengan experiencia laboral en el sector deben realizar el m\u00f3dulo de pr\u00e1cticas. Es un requisito indispensable para obtener el titulo oficial.<\/li>\n<\/ul>\n <p> &nbsp; <\/p> \n <p> <strong style=\"font-size: 1.0625rem;\">SALIDAS PROFESIONALES<\/strong> <\/p> \n<div data-canvas-width=\"103.3344\">\u2022 Empleados\/as administrativos, en general.<\/div>\n<div data-canvas-width=\"436.59520000000003\">\u2022 Empleados\/as administrativo de contabilidad, en general.<\/div>\n<div data-canvas-width=\"413.2088000000001\">\u2022 Empleados\/as administrativos comerciales, en general.<\/div>\n<div data-canvas-width=\"401.2303999999999\">\u2022 Empleado\/as administrativo de servicios de personal.<\/div>\n<div data-canvas-width=\"116.104\">\u2022 Empleados\/as administrativos con tareas de atenci\u00f3n al p\u00fablico no clasificados bajo otros ep\u00edgrafes<\/div>\n<div data-canvas-width=\"314.69520000000006\">\u2022 Auxiliar administrativo de cobros y pagos.<\/div>\n<div data-canvas-width=\"296.1663999999999\">\u2022 Auxiliar administrativo de contabilidad.<\/div>\n<div data-canvas-width=\"288.36479999999995\">\u2022 Auxiliar administrativo de facturaci\u00f3n.<\/div>\n<div data-canvas-width=\"253.53359999999992\">\u2022 Auxiliar administrativo comercial.<\/div>\n<div data-canvas-width=\"392.4904\">\u2022 Auxiliar de apoyo administrativo de compra y venta.<\/div>\n<div data-canvas-width=\"406.03279999999995\">\u2022 Auxiliar administrativo del departamento de Recursos Humanos.<\/div>\n<div data-canvas-width=\"485.17119999999994\">\u2022 Auxiliar administrativo de las distintas Administraciones P\u00fablicas.<\/div>\n<\/div>\n<div data-canvas-width=\"485.17119999999994\"><\/div>\n<div data-canvas-width=\"485.17119999999994\"><strong>MATERIAL DID\u00c1CTICO.<\/strong><\/div>\n<div data-canvas-width=\"485.17119999999994\">\n<div data-canvas-width=\"582.8752000000003\">Se entregar\u00e1 un manual por cada uno de los m\u00f3dulos formativos.<\/div>\n<div data-canvas-width=\"103.99679999999996\">Cartera, bol\u00edgrafos y cuaderno.<\/div>\n<div data-canvas-width=\"103.99679999999996\"><\/div>\n<div data-canvas-width=\"103.99679999999996\"><strong>TITULACIONES.<\/strong><\/div>\n<div data-canvas-width=\"103.99679999999996\">\n<div data-canvas-width=\"384.3023999999998\">Las personas que superen el curso recibir\u00e1n el <strong>Certificado de Profesionalidad Oficial<\/strong>, con validez en todo el territorio nacional.<\/div>\n<div data-canvas-width=\"384.3023999999998\"><\/div>\n<\/div>\n<div data-canvas-width=\"384.3023999999998\"><strong>ESTRUCTURA DE CERTIFICADO DE PROFESIONALIDAD<\/strong><\/div>\n<div data-canvas-width=\"384.3023999999998\"><\/div>\n<div data-canvas-width=\"384.3023999999998\"><img loading=\"lazy\" class=\" wp-image-28 aligncenter\" src=\"https:\/\/antequeraformacion.es\/fp\/wp-content\/uploads\/2016\/10\/estruccf-1-300x168.png\" alt=\"estruccf\" width=\"450\" height=\"252\" srcset=\"https:\/\/antequeraformacion.es\/fp\/wp-content\/uploads\/2016\/10\/estruccf-1-300x168.png 300w, https:\/\/antequeraformacion.es\/fp\/wp-content\/uploads\/2016\/10\/estruccf-1-768x430.png 768w, https:\/\/antequeraformacion.es\/fp\/wp-content\/uploads\/2016\/10\/estruccf-1-1024x573.png 1024w, https:\/\/antequeraformacion.es\/fp\/wp-content\/uploads\/2016\/10\/estruccf-1.png 1444w\" sizes=\"(max-width: 450px) 100vw, 450px\" \/><\/div>\n<div data-canvas-width=\"384.3023999999998\"><\/div>\n<\/div>\n<h3 data-canvas-width=\"384.3023999999998\">M\u00d3DULOS FORMATIVOS:<\/h3>\n<div data-canvas-width=\"384.3023999999998\"><\/div>\n<div data-canvas-width=\"384.3023999999998\"><strong>MF0976_2: Operaciones administrativas comerciales (160 horas)<\/strong><\/div>\n<div style=\"padding-left: 30px;\" data-canvas-width=\"384.3023999999998\">UF0349: Atenci\u00f3n al cliente en el proceso comercial. 40 <br \/> \nUF0350: Gesti\u00f3n administrativa del proceso comercial. 80 <br \/> \nUF0351: Aplicaciones inform\u00e1ticas de la gesti\u00f3n comercial. 40<\/div>\n<div style=\"padding-left: 30px;\" data-canvas-width=\"384.3023999999998\"><\/div>\n<div data-canvas-width=\"384.3023999999998\"><strong>MF0979_2: Gesti\u00f3n operativa de tesorer\u00eda (90 horas)<\/strong><\/div>\n<div data-canvas-width=\"384.3023999999998\"><\/div>\n<div data-canvas-width=\"384.3023999999998\"><strong>MF0980_2: Gesti\u00f3n auxiliar de personal (90 horas)<\/strong><\/div>\n<div data-canvas-width=\"384.3023999999998\"><\/div>\n<div data-canvas-width=\"384.3023999999998\"><strong>MF0981_2: Registros Contables (120 horas)<\/strong><\/div>\n<div style=\"padding-left: 30px;\" data-canvas-width=\"384.3023999999998\">UF0515: Plan General de Contabilidad 90 <br \/> \nUF0516: Aplicaciones inform\u00e1ticas de contabilidad 30<\/div>\n<div data-canvas-width=\"384.3023999999998\"><\/div>\n<div data-canvas-width=\"384.3023999999998\"><strong>MF0973_1: Grabaci\u00f3n de datos (90 horas)<\/strong><\/div>\n<div data-canvas-width=\"384.3023999999998\"><\/div>\n<div data-canvas-width=\"384.3023999999998\"><strong>MF0978_2: Gesti\u00f3n de archivos (60 horas)<\/strong><\/div>\n<div data-canvas-width=\"384.3023999999998\"><\/div>\n<div data-canvas-width=\"384.3023999999998\"><strong>MF0233_2: Ofim\u00e1tica (190 horas)<\/strong><\/div>\n<div style=\"padding-left: 30px;\" data-canvas-width=\"384.3023999999998\">UF0319: Sistema operativo, b\u00fasqueda de la informaci\u00f3n: internet\/intranet y correo electr\u00f3nico. 30 <br \/> \nUF0320: Aplicaciones inform\u00e1ticas de tratamiento de textos. 30 <br \/> \nUF0321: Aplicaciones inform\u00e1ticas de hojas de c\u00e1lculo. 50 <br \/> \nUF0322: Aplicaciones inform\u00e1ticas de bases de datos relacionales. 50 <br \/> \nUF0323: Aplicaciones inform\u00e1ticas para presentaciones gr\u00e1ficas de informaci\u00f3n. 30<\/div>\n<div data-canvas-width=\"384.3023999999998\"><\/div>\n<div data-canvas-width=\"384.3023999999998\"><\/div>\n<div data-canvas-width=\"384.3023999999998\"><strong>MP0111: M\u00f3dulo de pr\u00e1cticas profesionales no laborales ( 80 horas)<\/strong><\/div>\n","protected":false},"excerpt":{"rendered":" <p> GESTI\u00d3N ADMINISTRATIVA: UN EMPLEO CON FUTURO. Con un planteamiento pr\u00e1ctico, temarios CONSTANTEMENTE ACTUALIZADOS, la EXPERIENCIA DE DOCENTES \u00a0especialistas acreditados diplomados[&#8230;] <\/p> \n","protected":false},"author":1,"featured_media":0,"parent":0,"menu_order":0,"comment_status":"closed","ping_status":"closed","template":"","meta":[],"_links":{"self":[{"href":"https:\/\/antequeraformacion.es\/fp\/wp-json\/wp\/v2\/pages\/26"}],"collection":[{"href":"https:\/\/antequeraformacion.es\/fp\/wp-json\/wp\/v2\/pages"}],"about":[{"href":"https:\/\/antequeraformacion.es\/fp\/wp-json\/wp\/v2\/types\/page"}],"author":[{"embeddable":true,"href":"https:\/\/antequeraformacion.es\/fp\/wp-json\/wp\/v2\/users\/1"}],"replies":[{"embeddable":true,"href":"https:\/\/antequeraformacion.es\/fp\/wp-json\/wp\/v2\/comments?post=26"}],"version-history":[{"count":15,"href":"https:\/\/antequeraformacion.es\/fp\/wp-json\/wp\/v2\/pages\/26\/revisions"}],"predecessor-version":[{"id":1254,"href":"https:\/\/antequeraformacion.es\/fp\/wp-json\/wp\/v2\/pages\/26\/revisions\/1254"}],"wp:attachment":[{"href":"https:\/\/antequeraformacion.es\/fp\/wp-json\/wp\/v2\/media?parent=26"}],"curies":[{"name":"wp","href":"https:\/\/api.w.org\/{rel}","templated":true}]}}